{"id":2,"date":"2019-08-14T13:21:41","date_gmt":"2019-08-14T11:21:41","guid":{"rendered":"http:\/\/www.silviolizza.it\/gestioni-immobiliari\/?page_id=2"},"modified":"2019-12-21T21:23:41","modified_gmt":"2019-12-21T20:23:41","slug":"silvio-lizza","status":"publish","type":"page","link":"http:\/\/www.silviolizza.it\/gestioni-immobiliari\/silvio-lizza\/","title":{"rendered":"Chi sono"},"content":{"rendered":"<p>[et_pb_section fb_built=&#8221;1&#8243; _builder_version=&#8221;3.22.3&#8243;][et_pb_row _builder_version=&#8221;3.22.3&#8243; background_size=&#8221;initial&#8221; background_position=&#8221;top_left&#8221; background_repeat=&#8221;repeat&#8221;][et_pb_column type=&#8221;4_4&#8243; _builder_version=&#8221;3.0.47&#8243;][et_pb_code _builder_version=&#8221;3.23.3&#8243;]<\/p>\n<h2><!-- [et_pb_line_break_holder] -->  Chi sono<!-- [et_pb_line_break_holder] --><\/h2>\n<p><!-- [et_pb_line_break_holder] --><br \/><!-- [et_pb_line_break_holder] -->Mi chiamo Silvio Lizza e da oltre 35 anni mi occupo del settore delle costruzioni, dell&#8217;edilizia pubblica e privata, della pubblica amministrazione del territorio.<!-- [et_pb_line_break_holder] --><br \/><!-- [et_pb_line_break_holder] --><br \/><!-- [et_pb_line_break_holder] -->Sono un Geometra ed attualmente mi occupo, avendo acquisito la qualifica professionale di Amministratore di Condomini rilasciata dall&#8217;A.N.A.C.I. (Associazione Nazionale degli Amministratori di Condominio e Immobiliari), di gestione condominiale e immobiliare. <!-- [et_pb_line_break_holder] --><br \/><!-- [et_pb_line_break_holder] --><br \/><!-- [et_pb_line_break_holder] -->Qui di seguito, il mio Curriculum Vitae.<!-- [et_pb_line_break_holder] --><br \/><!-- [et_pb_line_break_holder] --><br \/><!-- [et_pb_line_break_holder] --><!-- [et_pb_line_break_holder] --><\/p>\n<table><!-- [et_pb_line_break_holder] -->  <\/p>\n<tr>\n<td colspan='2' style='text-align:center;background-color:#ddd;'>Dati anagrafici<\/td>\n<\/tr>\n<p><!-- [et_pb_line_break_holder] -->  <\/p>\n<tr>\n<td>Nome e cognome<\/td>\n<td>Silvio Lizza<\/td>\n<\/tr>\n<p><!-- [et_pb_line_break_holder] -->  <\/p>\n<tr>\n<td>Indirizzo<\/td>\n<td>Via Mazzini,14 &#8211; 83011 &#8211; Altavilla Irpina (AV)<\/td>\n<\/tr>\n<p><!-- [et_pb_line_break_holder] -->  <\/p>\n<tr>\n<td>Indirizzi<br \/>e-mail<\/td>\n<td>silviolizza@alice.it<br \/>gestionecondominilizza1@gmail.com<\/td>\n<\/tr>\n<p><!-- [et_pb_line_break_holder] -->  <\/p>\n<tr>\n<td>Recapiti<br \/>telefonici<\/td>\n<td>3280826100<\/br\/>3925021401<\/td>\n<\/tr>\n<p><!-- [et_pb_line_break_holder] -->\t<\/p>\n<tr>\n<td>Codice<br \/>fiscale<\/td>\n<td>LZZSLV63A11A509T<\/td>\n<\/tr>\n<p><!-- [et_pb_line_break_holder] -->\t<\/p>\n<tr>\n<td colspan='2' style='text-align:center;background-color:#ddd;'>Profilo professionale<\/td>\n<\/tr>\n<p><!-- [et_pb_line_break_holder] -->\t<\/p>\n<tr>\n<td>dal 01\/10\/2018<\/td>\n<td>Gestione condominiale e immobiliare<\/td>\n<\/tr>\n<p><!-- [et_pb_line_break_holder] -->\t<\/p>\n<tr>\n<td>16\/01\/2018<br \/>17\/07\/2018<\/td>\n<td>Collaborazione con UTC Comune di Altavilla Irpina \u2013 Progetto APU finanziato dalla Regione Campania<\/td>\n<\/tr>\n<p><!-- [et_pb_line_break_holder] -->\t<\/p>\n<tr>\n<td>01\/12\/2016<br \/>14\/01\/2017<\/td>\n<td>Incarico congiunto verifica fondi\/pratiche  L.219\/81 Comune di Capriglia Irpina (AV)<\/td>\n<\/tr>\n<p><!-- [et_pb_line_break_holder] -->\t<\/p>\n<tr>\n<td>19\/01\/2014<br \/>31\/12\/2014<\/td>\n<td>Incarico professionale Comune di Capriglia Irpina per verifica urbanistico-catastale finalizzato all&#8217;accertamento IMU aree fabbricabili<\/td>\n<\/tr>\n<p><!-- [et_pb_line_break_holder] -->\t<\/p>\n<tr>\n<td>17\/09\/2013<br \/>14\/01\/2017<\/td>\n<td>L.S.U. presso U.T.C. Comune di Capriglia Irpina (AV) (edilizia privata, lavori pubblici, sopralluoghi ecc\u2026.)<\/td>\n<\/tr>\n<p><!-- [et_pb_line_break_holder] -->\t<\/p>\n<tr>\n<td>01\/03\/2001<br \/>14\/01\/2013<\/td>\n<td>Geometra addetto area dismissione patrimonio immobiliare comune di Napoli, presso Romeo Gestioni S.p.A Napoli\/Roma &#8211; 200 dipendenti, fatt. 150 mln \u20ac<br \/>Addetto area consistenza per inventario immobilare, due diligence tecnica, verifica e conformit\u00e0 urbanistica-catastale, determinazione prezzo finale di vendita, trasmissione fascicolo vendita a notai. Riporto responsabile area dismissioni. Preventivi e contabilizzazione lavori manutenzione ordinaria e straordinaria patrimoni immobiliari comune di Napoli e Roma.<\/td>\n<\/tr>\n<p><!-- [et_pb_line_break_holder] -->\t<\/p>\n<tr>\n<td>01\/02\/2000<br \/>01\/11\/2000<\/td>\n<td>Impiegato tecnico Edil Umbria &#8211; Perugia<\/td>\n<\/tr>\n<p><!-- [et_pb_line_break_holder] -->\t<\/p>\n<tr>\n<td>dal 1993<br \/>al 1999<\/td>\n<td>Libero professionista (consulenza, progettazione e valutazione per privati e P.A.)<!-- [et_pb_line_break_holder] --><br \/>\u25aa\tProgettazione e direzione lavori sistemazione strade e piazze per la riqualificazione del centro storico di Altavilla Irpina (300.000.000 \u00a3)<!-- [et_pb_line_break_holder] --><br \/>\u25aa\tProgetto preliminare e definitivo congiunto, completamento del risanamento del centro storico di Altavilla Irpina (Due milioni di ECU)<!-- [et_pb_line_break_holder] --><br \/>\u25aa\tProgetto preliminare e definitivo congiunto per il rifacimento e potenziamento della rete fognaria di Altavilla Irpina (1,5 milioni di ECU)<!-- [et_pb_line_break_holder] --><br \/>\u25aa\tProgetto preliminare e definitivo congiunto per la realizzazione di un percorso turistico dei beni ambientali presenti sul territorio della Valle del Sabato (15 milioni di ECU)<!-- [et_pb_line_break_holder] --><br \/>\u25aa\tProgetto esecutivo congiunto per il completamento del serbatoio idrico del comune di Altavilla Irpina- (15.000 euro)  <!-- [et_pb_line_break_holder] --><br \/>\u25aa\tContabilizzazione congiunta dei lavori di infrastruttura area P.I.P. del comune di Altavilla Irpina (1.500.000 euro)<!-- [et_pb_line_break_holder] --><br \/>\u25aa\tProgetto esecutivo e direzione lavori congiunta per il rifacimento del tratto fognario via Frondelle Altavilla  Irpina (265.000 euro)<!-- [et_pb_line_break_holder] --><br \/>\u25aa\tProgetto esecutivo congiunto per l&#8217;impianto di depurazione e tratto fognario del comune di Altavilla Irpina ( 1.000.000 euro)<!-- [et_pb_line_break_holder] --><\/td>\n<\/tr>\n<p><!-- [et_pb_line_break_holder] --><\/p>\n<tr>\n<td>dal 1988<br \/>al 1992<\/td>\n<td>Geometra &#8211; Impiegato tecnico presso Altacauda Edilizia S.a.s. Contabilit\u00e0 lavori (SAL e preventivi), direzione cantiere<\/td>\n<\/tr>\n<p><!-- [et_pb_line_break_holder] --><\/p>\n<tr>\n<td>dal 1984<br \/>al 1988<\/td>\n<td>Geometra presso studio tecnico. Progettazione, contabilit\u00e0 dei lavori, documentazione tecnica, rapporti con la P.A.<\/td>\n<\/tr>\n<p><!-- [et_pb_line_break_holder] --><\/p>\n<tr>\n<td colspan='2' style='text-align:center;background-color:#ddd;'>Formazione<\/td>\n<\/tr>\n<p><!-- [et_pb_line_break_holder] --><\/p>\n<tr>\n<td>1984<\/td>\n<td>Maturit\u00e0 Tecnica per Geometri, conseguita presso l&#8217;I.T.G. &#8220;O. D\u2019Agostino&#8221; (AV) <\/td>\n<\/tr>\n<p><!-- [et_pb_line_break_holder] --><\/p>\n<tr>\n<td>1988<\/td>\n<td>Idoneit\u00e0 Concorso pubblico per titoli ed esami per n\u00b0 3 posti di Geometra 6^ qualifica funzionale &#8211; Comune di Altavilla Irpina <\/td>\n<\/tr>\n<p><!-- [et_pb_line_break_holder] --><\/p>\n<tr>\n<td>1990<\/td>\n<td>Abilitazione Esercizio Libera Professione<\/td>\n<\/tr>\n<p><!-- [et_pb_line_break_holder] --><\/p>\n<tr>\n<td>2013<\/td>\n<td>Corso di formazione di 120 ore per Amministratore di Condomini e Immobiliari presso A.N.A.C.I. con rilascio di Attestato di Idoneit\u00e0 previo esame finale.<\/td>\n<\/tr>\n<p><!-- [et_pb_line_break_holder] --><\/p>\n<tr>\n<td colspan='2' style='text-align:center;background-color:#ddd;'>Aggiornamento professionale<\/td>\n<\/tr>\n<p><!-- [et_pb_line_break_holder] --><\/p>\n<tr>\n<td>1999<\/td>\n<td>Corso D.lgs 626\/94 e 494\/96 presso la Facolt\u00e0 d&#8217;Ingegneria dell&#8217;Universit\u00e0 di Salerno <\/td>\n<\/tr>\n<p><!-- [et_pb_line_break_holder] --><\/p>\n<tr>\n<td>2010<\/td>\n<td>Attestato e-learning \u201cIl  processo edilizio \u201c organizzato dal collegio dei geometri di Avellino &#8211; crediti formativi: 3<br \/><!-- [et_pb_line_break_holder] -->Attestato e-learning \u201cSuccessioni &#8211; Nozioni Giuridiche &#8211; Applicazioni \u201c organizzato dal collegio dei geometri di Avellino &#8211; crediti formativi: 3<br \/><!-- [et_pb_line_break_holder] -->Attestato e-learning  \u201cIl Permesso di Costruire e la D.I.A. in edilizia \u201c organizzato dal collegio dei geometri di Avellino &#8211; crediti formativi: 3<\/td>\n<\/tr>\n<p><!-- [et_pb_line_break_holder] --><\/p>\n<tr>\n<td>2011<\/td>\n<td>Attestato Corso in aula: Luci ed ombre sulla \u201ccertificazione energetica\u201d, organizzato dal collegio dei geometri di Avellino &#8211; crediti formativi: 2<br \/><!-- [et_pb_line_break_holder] -->Attestato e-learning &#8220;Il catasto italiano&#8221; organizzato dal collegio dei geometri di Avellino &#8211; crediti formativi: 7<!-- [et_pb_line_break_holder] --><\/td>\n<\/tr>\n<p><!-- [et_pb_line_break_holder] --><\/p>\n<tr>\n<td colspan='2' style='text-align:center;background-color:#ddd;'>Altri incarichi<\/td>\n<\/tr>\n<p><!-- [et_pb_line_break_holder] --><\/p>\n<tr>\n<td>1986-1992<\/td>\n<td>Membro Commissione Comunale per la ricostruzione ex art. 14 L. 219\/81<\/td>\n<\/tr>\n<p><!-- [et_pb_line_break_holder] --><\/p>\n<tr>\n<td>1993-2000<\/td>\n<td>Membro Commissione Edilizia Comunale &#8211; Comune Altavilla Irpina (AV) <\/td>\n<\/tr>\n<p><!-- [et_pb_line_break_holder] --><\/table>\n<p>[\/et_pb_code][\/et_pb_column][\/et_pb_row][et_pb_row _builder_version=&#8221;3.23.3&#8243;][et_pb_column type=&#8221;1_2&#8243; _builder_version=&#8221;3.23.3&#8243;][et_pb_image src=&#8221;http:\/\/www.silviolizza.it\/gestioni-immobiliari\/wp-content\/uploads\/2019\/08\/DSC_0129.jpg&#8221; _builder_version=&#8221;3.23.3&#8243;][\/et_pb_image][\/et_pb_column][et_pb_column type=&#8221;1_2&#8243; _builder_version=&#8221;3.23.3&#8243;][et_pb_image src=&#8221;http:\/\/www.silviolizza.it\/gestioni-immobiliari\/wp-content\/uploads\/2019\/08\/DSC_0130.jpg&#8221; _builder_version=&#8221;3.23.3&#8243;][\/et_pb_image][\/et_pb_column][\/et_pb_row][et_pb_row _builder_version=&#8221;3.23.3&#8243;][et_pb_column type=&#8221;1_2&#8243; _builder_version=&#8221;3.23.3&#8243;][et_pb_image src=&#8221;http:\/\/www.silviolizza.it\/gestioni-immobiliari\/wp-content\/uploads\/2019\/08\/DSC_0128.jpg&#8221; _builder_version=&#8221;3.23.3&#8243;][\/et_pb_image][\/et_pb_column][et_pb_column type=&#8221;1_2&#8243; _builder_version=&#8221;3.23.3&#8243;][et_pb_image src=&#8221;http:\/\/www.silviolizza.it\/gestioni-immobiliari\/wp-content\/uploads\/2019\/08\/IMG_0439.jpg&#8221; _builder_version=&#8221;3.23.3&#8243;][\/et_pb_image][\/et_pb_column][\/et_pb_row][et_pb_row _builder_version=&#8221;3.23.3&#8243;][et_pb_column type=&#8221;1_2&#8243; _builder_version=&#8221;3.23.3&#8243;][et_pb_image src=&#8221;http:\/\/www.silviolizza.it\/gestioni-immobiliari\/wp-content\/uploads\/2019\/08\/DSC_0122.jpg&#8221; _builder_version=&#8221;3.23.3&#8243;][\/et_pb_image][\/et_pb_column][et_pb_column type=&#8221;1_2&#8243; _builder_version=&#8221;3.23.3&#8243;][et_pb_image src=&#8221;http:\/\/www.silviolizza.it\/gestioni-immobiliari\/wp-content\/uploads\/2019\/08\/DSC_0121.jpg&#8221; _builder_version=&#8221;3.23.3&#8243;][\/et_pb_image][\/et_pb_column][\/et_pb_row][\/et_pb_section][et_pb_section fb_built=&#8221;1&#8243; fullwidth=&#8221;on&#8221; _builder_version=&#8221;3.22.3&#8243; background_color=&#8221;#f7f7f7&#8243;][\/et_pb_section][et_pb_section fb_built=&#8221;1&#8243; _builder_version=&#8221;3.22.3&#8243;][et_pb_row _builder_version=&#8221;3.22.3&#8243; background_size=&#8221;initial&#8221; background_position=&#8221;top_left&#8221; background_repeat=&#8221;repeat&#8221;][et_pb_column type=&#8221;4_4&#8243; _builder_version=&#8221;3.0.47&#8243;][et_pb_text _builder_version=&#8221;3.23.3&#8243;]<\/p>\n<h2>Inviami un messaggio&#8230;<\/h2>\n<h4>&#8230;senza alcun impegno, per il piacere di conoscerci e confrontarci. Ti ricontatter\u00f2 appena possibile.<\/h4>\n\n<div class=\"wpcf7 no-js\" id=\"wpcf7-f71-o1\" lang=\"it-IT\" dir=\"ltr\">\n<div class=\"screen-reader-response\"><p role=\"status\" aria-live=\"polite\" aria-atomic=\"true\"><\/p> <ul><\/ul><\/div>\n<form action=\"\/gestioni-immobiliari\/wp-json\/wp\/v2\/pages\/2#wpcf7-f71-o1\" method=\"post\" class=\"wpcf7-form init\" aria-label=\"Modulo di contatto\" novalidate=\"novalidate\" data-status=\"init\">\n<div style=\"display: none;\">\n<input type=\"hidden\" name=\"_wpcf7\" value=\"71\" \/>\n<input type=\"hidden\" name=\"_wpcf7_version\" value=\"5.8\" \/>\n<input type=\"hidden\" name=\"_wpcf7_locale\" value=\"it_IT\" \/>\n<input type=\"hidden\" name=\"_wpcf7_unit_tag\" value=\"wpcf7-f71-o1\" \/>\n<input type=\"hidden\" name=\"_wpcf7_container_post\" value=\"0\" \/>\n<input type=\"hidden\" name=\"_wpcf7_posted_data_hash\" value=\"\" \/>\n<\/div>\n<p><label> Come ti chiami? *<br \/>\n<span class=\"wpcf7-form-control-wrap\" data-name=\"your-name\"><input size=\"40\" class=\"wpcf7-form-control wpcf7-text wpcf7-validates-as-required\" aria-required=\"true\" aria-invalid=\"false\" value=\"\" type=\"text\" name=\"your-name\" \/><\/span> <\/label>\n<\/p>\n<p><label> Qual \u00e8 tuo indirizzo e-mail? *<br \/>\n<span class=\"wpcf7-form-control-wrap\" data-name=\"your-email\"><input size=\"40\" class=\"wpcf7-form-control wpcf7-email wpcf7-validates-as-required wpcf7-text wpcf7-validates-as-email\" aria-required=\"true\" aria-invalid=\"false\" value=\"\" type=\"email\" name=\"your-email\" \/><\/span> <\/label>\n<\/p>\n<p><label> Vuoi indicare un recapito telefonico?<br \/>\n<span class=\"wpcf7-form-control-wrap\" data-name=\"tel-125\"><input size=\"40\" class=\"wpcf7-form-control wpcf7-tel wpcf7-text wpcf7-validates-as-tel\" aria-invalid=\"false\" value=\"\" type=\"tel\" name=\"tel-125\" \/><\/span> <\/label>\n<\/p>\n<p><label> A che proposito mi scrivi? *<br \/>\n<span class=\"wpcf7-form-control-wrap\" data-name=\"your-subject\"><input size=\"40\" class=\"wpcf7-form-control wpcf7-text wpcf7-validates-as-required\" aria-required=\"true\" aria-invalid=\"false\" value=\"\" type=\"text\" name=\"your-subject\" \/><\/span> <\/label>\n<\/p>\n<p><label> Vuoi anticiparmi qualche argomento? Scrivimelo qui.<br \/>\n<span class=\"wpcf7-form-control-wrap\" data-name=\"your-message\"><textarea cols=\"40\" rows=\"10\" class=\"wpcf7-form-control wpcf7-textarea\" aria-invalid=\"false\" name=\"your-message\"><\/textarea><\/span> <\/label>\n<\/p>\n<p><span class=\"wpcf7-form-control-wrap\" data-name=\"acceptance-405\"><span class=\"wpcf7-form-control wpcf7-acceptance\"><span class=\"wpcf7-list-item\"><label><input type=\"checkbox\" name=\"acceptance-405\" value=\"1\" aria-invalid=\"false\" \/><span class=\"wpcf7-list-item-label\">Dichiaro di aver letto l'informativa per il trattamento dei dati personali ed acconsento a che i miei dati personali vengano trattati ai sensi del Regolamento UE 2016\/679, noto come GDPR (General Data Protection Regulation).<\/span><\/label><\/span><\/span><\/span>\n<\/p>\n<center>\n\t<p><input class=\"wpcf7-form-control wpcf7-submit has-spinner\" type=\"submit\" value=\"INVIA\" \/>\n\t<\/p>\n<\/center>\n<p>I campi con * sono obbligatori\n<\/p><p style=\"display: none !important;\" class=\"akismet-fields-container\" data-prefix=\"_wpcf7_ak_\"><label>&#916;<textarea name=\"_wpcf7_ak_hp_textarea\" cols=\"45\" rows=\"8\" maxlength=\"100\"><\/textarea><\/label><input type=\"hidden\" id=\"ak_js_1\" name=\"_wpcf7_ak_js\" value=\"160\"\/><script>document.getElementById( \"ak_js_1\" ).setAttribute( \"value\", ( new Date() ).getTime() );<\/script><\/p><div class=\"wpcf7-response-output\" aria-hidden=\"true\"><\/div>\n<\/form>\n<\/div>\n\n<p>[\/et_pb_text][\/et_pb_column][\/et_pb_row][\/et_pb_section][et_pb_section fb_built=&#8221;1&#8243; _builder_version=&#8221;3.23.3&#8243;][et_pb_row _builder_version=&#8221;3.23.3&#8243;][et_pb_column type=&#8221;4_4&#8243; _builder_version=&#8221;3.23.3&#8243;][et_pb_video src=&#8221;http:\/\/www.silviolizza.it\/gestioni-immobiliari\/wp-content\/uploads\/2019\/09\/video-1549883027.mp4&#8243; thumbnail_overlay_color=&#8221;rgba(0,0,0,0.6)&#8221; _builder_version=&#8221;3.23.3&#8243;][\/et_pb_video][\/et_pb_column][\/et_pb_row][\/et_pb_section]<\/p>\n","protected":false},"excerpt":{"rendered":"<p>[et_pb_section fb_built=&#8221;1&#8243; _builder_version=&#8221;3.22.3&#8243;][et_pb_row _builder_version=&#8221;3.22.3&#8243; background_size=&#8221;initial&#8221; background_position=&#8221;top_left&#8221; background_repeat=&#8221;repeat&#8221;][et_pb_column type=&#8221;4_4&#8243; _builder_version=&#8221;3.0.47&#8243;][et_pb_code _builder_version=&#8221;3.23.3&#8243;] Chi sono Mi chiamo Silvio Lizza e da oltre 35 anni mi occupo del settore delle costruzioni, dell&#8217;edilizia pubblica e privata, della pubblica amministrazione del territorio.Sono un Geometra ed attualmente mi occupo, avendo acquisito la qualifica professionale di Amministratore di Condomini rilasciata dall&#8217;A.N.A.C.I. (Associazione Nazionale [&hellip;]<\/p>\n","protected":false},"author":1,"featured_media":0,"parent":0,"menu_order":1,"comment_status":"closed","ping_status":"closed","template":"","meta":{"_et_pb_use_builder":"on","_et_pb_old_content":"<!-- wp:paragraph -->\n<p>Questa \u00e8 una pagina di esempio. Differisce da un articolo di un blog perch\u00e9 rimane sempre allo stesso posto e (in molti temi) appare nel menu di navigazione. Molte persone iniziano con una pagina di Informazioni che li presentano ai visitatori del sito. Potrebbe apparire una presentazione del tipo:<\/p>\n<!-- \/wp:paragraph -->\n\n<!-- wp:quote -->\n<blockquote class=\"wp-block-quote\"><p>Ciao! Sono un fattorino ciclista di giorno, aspirante attore di notte e questo \u00e8 il mio sito web. Vivo a Los Angeles, ho un grande cane di nome Jack e mi piace la pi\u00f1a colada. (E prendere la pioggia)<\/p><\/blockquote>\n<!-- \/wp:quote -->\n\n<!-- wp:paragraph -->\n<p>...o qualcosa di simile:<\/p>\n<!-- \/wp:paragraph -->\n\n<!-- wp:quote -->\n<blockquote class=\"wp-block-quote\"><p>La Societ\u00e0 XYZ Aggeggi \u00e8 stata fondata nel 1971 e da allora fornisce al pubblico aggeggi di ottima qualit\u00e0. Situata a Fantasilandia, XYZ impiega oltre 2.000 persone e realizza ogni sorta di aggeggio fantastico per la comunit\u00e0 di Fantasilandia.<\/p><\/blockquote>\n<!-- \/wp:quote -->\n\n<!-- wp:paragraph -->\n<p>Come nuovo utente di WordPress, dovresti andare nella tua <a href=\"http:\/\/www.silviolizza.it\/gestioni-immobiliari\/wp-admin\/\">Bacheca<\/a> per eliminare questa pagina, e crearne delle nuove per i tuoi contenuti. Divertiti!<\/p>\n<!-- \/wp:paragraph -->","footnotes":""},"_links":{"self":[{"href":"http:\/\/www.silviolizza.it\/gestioni-immobiliari\/wp-json\/wp\/v2\/pages\/2"}],"collection":[{"href":"http:\/\/www.silviolizza.it\/gestioni-immobiliari\/wp-json\/wp\/v2\/pages"}],"about":[{"href":"http:\/\/www.silviolizza.it\/gestioni-immobiliari\/wp-json\/wp\/v2\/types\/page"}],"author":[{"embeddable":true,"href":"http:\/\/www.silviolizza.it\/gestioni-immobiliari\/wp-json\/wp\/v2\/users\/1"}],"replies":[{"embeddable":true,"href":"http:\/\/www.silviolizza.it\/gestioni-immobiliari\/wp-json\/wp\/v2\/comments?post=2"}],"version-history":[{"count":13,"href":"http:\/\/www.silviolizza.it\/gestioni-immobiliari\/wp-json\/wp\/v2\/pages\/2\/revisions"}],"predecessor-version":[{"id":733,"href":"http:\/\/www.silviolizza.it\/gestioni-immobiliari\/wp-json\/wp\/v2\/pages\/2\/revisions\/733"}],"wp:attachment":[{"href":"http:\/\/www.silviolizza.it\/gestioni-immobiliari\/wp-json\/wp\/v2\/media?parent=2"}],"curies":[{"name":"wp","href":"https:\/\/api.w.org\/{rel}","templated":true}]}}